{"id":1046,"date":"2022-09-22T11:25:59","date_gmt":"2022-09-22T11:25:59","guid":{"rendered":"https:\/\/www.maticgrmek.com\/?page_id=1046"},"modified":"2025-10-06T21:04:15","modified_gmt":"2025-10-06T21:04:15","slug":"porocna-sezona-2025","status":"publish","type":"page","link":"https:\/\/www.maticgrmek.com\/index.php\/porocna-sezona-2025\/","title":{"rendered":"Poro\u010dna sezona 2026"},"content":{"rendered":"\n<div class=\"wp-block-group alignwide is-layout-flow\"><div class=\"wp-block-group__inner-container\">\n<div class=\"wp-block-group alignwide is-layout-flow\"><div class=\"wp-block-group__inner-container\">\n<div class=\"wp-block-group alignwide is-layout-flow\"><div class=\"wp-block-group__inner-container\">\n<h2 class=\"wp-block-heading alignwide has-text-align-center has-extra-large-font-size\">Naj tudi vajina poroka zasije v \u010daru filmske pravljice&#8230;.<\/h2>\n\n\n\n<div class=\"wp-block-group is-vertical is-content-justification-left is-layout-flex wp-container-2\">\n<div class=\"wp-block-group is-layout-flow\"><div class=\"wp-block-group__inner-container\">\n<p class=\"has-text-align-center has-normal-font-size\">Pravijo, da najpomembnej\u0161i dogodek vajinega skupnega \u017eivljenja, mine hitro &#8211; prehitro. Sprostita se in se prepustita trenutkom sre\u010de, zavedajo\u010d se, da bodo vsi najlep\u0161i utrinki za vedno ujeti v objektiv. <\/p>\n\n\n\n<p class=\"has-text-align-center has-normal-font-size\">Tako sta lahko gotova, da bodo v video vajinega dne shranjeni tudi prelepi \u010dustveni momenti, ki sta jih med prepletom neu\u010dakanosti in evforije morda spregledala.<\/p>\n\n\n\n<p class=\"has-text-align-center\">V ponudbi za sezono 2024 lahko pri\u010dakujete tudi nekaj novosti, ki do sedaj \u0161e niso prodrle na slovenski trg! <br>Za ve\u010d informacij izpolnita kontaktni obrazec spodaj.<\/p>\n<\/div><\/div>\n<\/div>\n<\/div><\/div>\n<\/div><\/div>\n<\/div><\/div>\n\n\n\n<figure class=\"wp-block-gallery alignwide has-nested-images columns-8 is-cropped wp-block-gallery-6 is-layout-flex\">\n<figure class=\"wp-block-image size-medium\"><img decoding=\"async\" loading=\"lazy\" width=\"200\" height=\"300\" data-id=\"852\"  src=\"https:\/\/www.maticgrmek.com\/wp-content\/uploads\/2022_08_20-Martina_Klemen-17-200x300.jpg\" alt=\"\" class=\"wp-image-852\" srcset=\"https:\/\/www.maticgrmek.com\/wp-content\/uploads\/2022_08_20-Martina_Klemen-17-200x300.jpg 200w, https:\/\/www.maticgrmek.com\/wp-content\/uploads\/2022_08_20-Martina_Klemen-17-683x1024.jpg 683w, https:\/\/www.maticgrmek.com\/wp-content\/uploads\/2022_08_20-Martina_Klemen-17-768x1152.jpg 768w, https:\/\/www.maticgrmek.com\/wp-content\/uploads\/2022_08_20-Martina_Klemen-17-1024x1536.jpg 1024w, https:\/\/www.maticgrmek.com\/wp-content\/uploads\/2022_08_20-Martina_Klemen-17-1365x2048.jpg 1365w, https:\/\/www.maticgrmek.com\/wp-content\/uploads\/2022_08_20-Martina_Klemen-17-1920x2880.jpg 1920w, https:\/\/www.maticgrmek.com\/wp-content\/uploads\/2022_08_20-Martina_Klemen-17-scaled.jpg 1707w\" sizes=\"(max-width: 200px) 100vw, 200px\" \/><\/figure>\n\n\n\n<figure class=\"wp-block-image size-medium\"><img decoding=\"async\" loading=\"lazy\" width=\"200\" height=\"300\" data-id=\"855\"  src=\"https:\/\/www.maticgrmek.com\/wp-content\/uploads\/2022_08_20-Martina_Klemen-2-200x300.jpg\" alt=\"\" class=\"wp-image-855\" srcset=\"https:\/\/www.maticgrmek.com\/wp-content\/uploads\/2022_08_20-Martina_Klemen-2-200x300.jpg 200w, https:\/\/www.maticgrmek.com\/wp-content\/uploads\/2022_08_20-Martina_Klemen-2-683x1024.jpg 683w, https:\/\/www.maticgrmek.com\/wp-content\/uploads\/2022_08_20-Martina_Klemen-2-768x1152.jpg 768w, https:\/\/www.maticgrmek.com\/wp-content\/uploads\/2022_08_20-Martina_Klemen-2-1024x1536.jpg 1024w, https:\/\/www.maticgrmek.com\/wp-content\/uploads\/2022_08_20-Martina_Klemen-2-1365x2048.jpg 1365w, https:\/\/www.maticgrmek.com\/wp-content\/uploads\/2022_08_20-Martina_Klemen-2-1920x2880.jpg 1920w, https:\/\/www.maticgrmek.com\/wp-content\/uploads\/2022_08_20-Martina_Klemen-2-scaled.jpg 1707w\" sizes=\"(max-width: 200px) 100vw, 200px\" \/><\/figure>\n\n\n\n<figure class=\"wp-block-image size-medium\"><img decoding=\"async\" loading=\"lazy\" width=\"300\" height=\"200\" data-id=\"843\"  src=\"https:\/\/www.maticgrmek.com\/wp-content\/uploads\/2022_08_20-Martina_Klemen-10-300x200.jpg\" alt=\"\" class=\"wp-image-843\" srcset=\"https:\/\/www.maticgrmek.com\/wp-content\/uploads\/2022_08_20-Martina_Klemen-10-300x200.jpg 300w, https:\/\/www.maticgrmek.com\/wp-content\/uploads\/2022_08_20-Martina_Klemen-10-1024x683.jpg 1024w, https:\/\/www.maticgrmek.com\/wp-content\/uploads\/2022_08_20-Martina_Klemen-10-768x512.jpg 768w, https:\/\/www.maticgrmek.com\/wp-content\/uploads\/2022_08_20-Martina_Klemen-10-1536x1024.jpg 1536w, https:\/\/www.maticgrmek.com\/wp-content\/uploads\/2022_08_20-Martina_Klemen-10-2048x1365.jpg 2048w, https:\/\/www.maticgrmek.com\/wp-content\/uploads\/2022_08_20-Martina_Klemen-10-1920x1280.jpg 1920w\" sizes=\"(max-width: 300px) 100vw, 300px\" \/><\/figure>\n\n\n\n<figure class=\"wp-block-image size-large\"><img decoding=\"async\" loading=\"lazy\" width=\"683\" height=\"1024\" data-id=\"1031\"  src=\"https:\/\/www.maticgrmek.com\/wp-content\/uploads\/Spletna_Poroka_BarbaraZiga_Vertical-6-683x1024.jpg\" alt=\"\" class=\"wp-image-1031\" srcset=\"https:\/\/www.maticgrmek.com\/wp-content\/uploads\/Spletna_Poroka_BarbaraZiga_Vertical-6-683x1024.jpg 683w, https:\/\/www.maticgrmek.com\/wp-content\/uploads\/Spletna_Poroka_BarbaraZiga_Vertical-6-200x300.jpg 200w, https:\/\/www.maticgrmek.com\/wp-content\/uploads\/Spletna_Poroka_BarbaraZiga_Vertical-6-768x1152.jpg 768w, https:\/\/www.maticgrmek.com\/wp-content\/uploads\/Spletna_Poroka_BarbaraZiga_Vertical-6-1024x1536.jpg 1024w, https:\/\/www.maticgrmek.com\/wp-content\/uploads\/Spletna_Poroka_BarbaraZiga_Vertical-6-1366x2048.jpg 1366w, https:\/\/www.maticgrmek.com\/wp-content\/uploads\/Spletna_Poroka_BarbaraZiga_Vertical-6.jpg 1707w\" sizes=\"(max-width: 683px) 100vw, 683px\" \/><\/figure>\n\n\n\n<figure class=\"wp-block-image size-large\"><img decoding=\"async\" loading=\"lazy\" width=\"1024\" height=\"683\" data-id=\"1029\"  src=\"https:\/\/www.maticgrmek.com\/wp-content\/uploads\/Spletna_Poroka_BarbaraZiga_Horizontal-16-1024x683.jpg\" alt=\"\" class=\"wp-image-1029\" srcset=\"https:\/\/www.maticgrmek.com\/wp-content\/uploads\/Spletna_Poroka_BarbaraZiga_Horizontal-16-1024x683.jpg 1024w, https:\/\/www.maticgrmek.com\/wp-content\/uploads\/Spletna_Poroka_BarbaraZiga_Horizontal-16-300x200.jpg 300w, https:\/\/www.maticgrmek.com\/wp-content\/uploads\/Spletna_Poroka_BarbaraZiga_Horizontal-16-768x512.jpg 768w, https:\/\/www.maticgrmek.com\/wp-content\/uploads\/Spletna_Poroka_BarbaraZiga_Horizontal-16-1536x1024.jpg 1536w, https:\/\/www.maticgrmek.com\/wp-content\/uploads\/Spletna_Poroka_BarbaraZiga_Horizontal-16-2048x1366.jpg 2048w, https:\/\/www.maticgrmek.com\/wp-content\/uploads\/Spletna_Poroka_BarbaraZiga_Horizontal-16-1920x1280.jpg 1920w\" sizes=\"(max-width: 1024px) 100vw, 1024px\" \/><\/figure>\n\n\n\n<figure class=\"wp-block-image size-medium\"><img decoding=\"async\" loading=\"lazy\" width=\"300\" height=\"200\" data-id=\"856\"  src=\"https:\/\/www.maticgrmek.com\/wp-content\/uploads\/2022_08_20-Martina_Klemen-5-300x200.jpg\" alt=\"\" class=\"wp-image-856\" srcset=\"https:\/\/www.maticgrmek.com\/wp-content\/uploads\/2022_08_20-Martina_Klemen-5-300x200.jpg 300w, https:\/\/www.maticgrmek.com\/wp-content\/uploads\/2022_08_20-Martina_Klemen-5-1024x683.jpg 1024w, https:\/\/www.maticgrmek.com\/wp-content\/uploads\/2022_08_20-Martina_Klemen-5-768x512.jpg 768w, https:\/\/www.maticgrmek.com\/wp-content\/uploads\/2022_08_20-Martina_Klemen-5-1536x1024.jpg 1536w, https:\/\/www.maticgrmek.com\/wp-content\/uploads\/2022_08_20-Martina_Klemen-5-2048x1365.jpg 2048w, https:\/\/www.maticgrmek.com\/wp-content\/uploads\/2022_08_20-Martina_Klemen-5-1920x1280.jpg 1920w\" sizes=\"(max-width: 300px) 100vw, 300px\" \/><\/figure>\n\n\n\n<figure class=\"wp-block-image size-medium\"><img decoding=\"async\" loading=\"lazy\" width=\"200\" height=\"300\" data-id=\"849\"  src=\"https:\/\/www.maticgrmek.com\/wp-content\/uploads\/2022_08_20-Martina_Klemen-16-200x300.jpg\" alt=\"\" class=\"wp-image-849\" srcset=\"https:\/\/www.maticgrmek.com\/wp-content\/uploads\/2022_08_20-Martina_Klemen-16-200x300.jpg 200w, https:\/\/www.maticgrmek.com\/wp-content\/uploads\/2022_08_20-Martina_Klemen-16-683x1024.jpg 683w, https:\/\/www.maticgrmek.com\/wp-content\/uploads\/2022_08_20-Martina_Klemen-16-768x1152.jpg 768w, https:\/\/www.maticgrmek.com\/wp-content\/uploads\/2022_08_20-Martina_Klemen-16-1024x1536.jpg 1024w, https:\/\/www.maticgrmek.com\/wp-content\/uploads\/2022_08_20-Martina_Klemen-16-1365x2048.jpg 1365w, https:\/\/www.maticgrmek.com\/wp-content\/uploads\/2022_08_20-Martina_Klemen-16-1920x2880.jpg 1920w, https:\/\/www.maticgrmek.com\/wp-content\/uploads\/2022_08_20-Martina_Klemen-16-scaled.jpg 1707w\" sizes=\"(max-width: 200px) 100vw, 200px\" \/><\/figure>\n\n\n\n<figure class=\"wp-block-image size-medium\"><img decoding=\"async\" loading=\"lazy\" width=\"300\" height=\"200\" data-id=\"853\"  src=\"https:\/\/www.maticgrmek.com\/wp-content\/uploads\/2022_08_20-Martina_Klemen-4-300x200.jpg\" alt=\"\" class=\"wp-image-853\" srcset=\"https:\/\/www.maticgrmek.com\/wp-content\/uploads\/2022_08_20-Martina_Klemen-4-300x200.jpg 300w, https:\/\/www.maticgrmek.com\/wp-content\/uploads\/2022_08_20-Martina_Klemen-4-1024x683.jpg 1024w, https:\/\/www.maticgrmek.com\/wp-content\/uploads\/2022_08_20-Martina_Klemen-4-768x512.jpg 768w, https:\/\/www.maticgrmek.com\/wp-content\/uploads\/2022_08_20-Martina_Klemen-4-1536x1024.jpg 1536w, https:\/\/www.maticgrmek.com\/wp-content\/uploads\/2022_08_20-Martina_Klemen-4-2048x1365.jpg 2048w, https:\/\/www.maticgrmek.com\/wp-content\/uploads\/2022_08_20-Martina_Klemen-4-1920x1280.jpg 1920w\" sizes=\"(max-width: 300px) 100vw, 300px\" \/><\/figure>\n\n\n\n<figure class=\"wp-block-image size-medium\"><img decoding=\"async\" loading=\"lazy\" width=\"300\" height=\"200\" data-id=\"844\"  src=\"https:\/\/www.maticgrmek.com\/wp-content\/uploads\/2022_08_20-Martina_Klemen-21-300x200.jpg\" alt=\"\" class=\"wp-image-844\" srcset=\"https:\/\/www.maticgrmek.com\/wp-content\/uploads\/2022_08_20-Martina_Klemen-21-300x200.jpg 300w, https:\/\/www.maticgrmek.com\/wp-content\/uploads\/2022_08_20-Martina_Klemen-21-1024x683.jpg 1024w, https:\/\/www.maticgrmek.com\/wp-content\/uploads\/2022_08_20-Martina_Klemen-21-768x512.jpg 768w, https:\/\/www.maticgrmek.com\/wp-content\/uploads\/2022_08_20-Martina_Klemen-21-1536x1024.jpg 1536w, https:\/\/www.maticgrmek.com\/wp-content\/uploads\/2022_08_20-Martina_Klemen-21-2048x1365.jpg 2048w, https:\/\/www.maticgrmek.com\/wp-content\/uploads\/2022_08_20-Martina_Klemen-21-1920x1280.jpg 1920w\" sizes=\"(max-width: 300px) 100vw, 300px\" \/><\/figure>\n\n\n\n<figure class=\"wp-block-image size-medium\"><img decoding=\"async\" loading=\"lazy\" width=\"300\" height=\"200\" data-id=\"419\"  src=\"https:\/\/www.maticgrmek.com\/wp-content\/uploads\/Spletna_Poroka_LinaNejc_Horizontal-1-300x200.jpg\" alt=\"\" class=\"wp-image-419\" srcset=\"https:\/\/www.maticgrmek.com\/wp-content\/uploads\/Spletna_Poroka_LinaNejc_Horizontal-1-300x200.jpg 300w, https:\/\/www.maticgrmek.com\/wp-content\/uploads\/Spletna_Poroka_LinaNejc_Horizontal-1-1024x683.jpg 1024w, https:\/\/www.maticgrmek.com\/wp-content\/uploads\/Spletna_Poroka_LinaNejc_Horizontal-1-768x512.jpg 768w, https:\/\/www.maticgrmek.com\/wp-content\/uploads\/Spletna_Poroka_LinaNejc_Horizontal-1-1536x1024.jpg 1536w, https:\/\/www.maticgrmek.com\/wp-content\/uploads\/Spletna_Poroka_LinaNejc_Horizontal-1-2048x1366.jpg 2048w, https:\/\/www.maticgrmek.com\/wp-content\/uploads\/Spletna_Poroka_LinaNejc_Horizontal-1-1920x1280.jpg 1920w\" sizes=\"(max-width: 300px) 100vw, 300px\" \/><\/figure>\n\n\n\n<figure class=\"wp-block-image size-medium\"><img decoding=\"async\" loading=\"lazy\" width=\"300\" height=\"200\" data-id=\"841\"  src=\"https:\/\/www.maticgrmek.com\/wp-content\/uploads\/2022_08_20-Martina_Klemen-18-300x200.jpg\" alt=\"\" class=\"wp-image-841\" srcset=\"https:\/\/www.maticgrmek.com\/wp-content\/uploads\/2022_08_20-Martina_Klemen-18-300x200.jpg 300w, https:\/\/www.maticgrmek.com\/wp-content\/uploads\/2022_08_20-Martina_Klemen-18-1024x683.jpg 1024w, https:\/\/www.maticgrmek.com\/wp-content\/uploads\/2022_08_20-Martina_Klemen-18-768x512.jpg 768w, https:\/\/www.maticgrmek.com\/wp-content\/uploads\/2022_08_20-Martina_Klemen-18-1536x1024.jpg 1536w, https:\/\/www.maticgrmek.com\/wp-content\/uploads\/2022_08_20-Martina_Klemen-18-2048x1365.jpg 2048w, https:\/\/www.maticgrmek.com\/wp-content\/uploads\/2022_08_20-Martina_Klemen-18-1920x1280.jpg 1920w\" sizes=\"(max-width: 300px) 100vw, 300px\" \/><\/figure>\n<\/figure>\n\n\n\n<hr class=\"wp-block-separator has-alpha-channel-opacity\"\/>\n\n\n\n<figure class=\"wp-block-embed alignfull is-type-video is-provider-youtube wp-block-embed-youtube wp-embed-aspect-16-9 wp-has-aspect-ratio\"><div class=\"wp-block-embed__wrapper\">\n<iframe loading=\"lazy\" title=\"Wedding Film at La Torre Di Pila, Tuscany\" width=\"720\" height=\"405\" src=\"https:\/\/www.youtube.com\/embed\/kGXvbsqs0js?feature=oembed\" frameborder=\"0\" allow=\"accelerometer; autoplay; clipboard-write; encrypted-media; gyroscope; picture-in-picture; web-share\" referrerpolicy=\"strict-origin-when-cross-origin\" allowfullscreen><\/iframe>\n<\/div><\/figure>\n\n\n\n<figure class=\"wp-block-embed alignfull is-type-video is-provider-youtube wp-block-embed-youtube wp-embed-aspect-16-9 wp-has-aspect-ratio\"><div class=\"wp-block-embed__wrapper\">\n<iframe loading=\"lazy\" title=\"Lucy and Jack \/\/Amazing Tuscany Destination Wedding at Villa Medici of Lilliano Wine Estate\" width=\"720\" height=\"405\" src=\"https:\/\/www.youtube.com\/embed\/d2q5SyPWfgs?feature=oembed\" frameborder=\"0\" allow=\"accelerometer; autoplay; clipboard-write; encrypted-media; gyroscope; picture-in-picture; web-share\" referrerpolicy=\"strict-origin-when-cross-origin\" allowfullscreen><\/iframe>\n<\/div><\/figure>\n\n\n\n<figure class=\"wp-block-embed alignfull is-type-video is-provider-youtube wp-block-embed-youtube wp-embed-aspect-16-9 wp-has-aspect-ratio\"><div class=\"wp-block-embed__wrapper\">\n<iframe loading=\"lazy\" title=\"Alja and Ruben \/\/ Destination Wedding at Villa Bled Slovenia\" width=\"720\" height=\"405\" src=\"https:\/\/www.youtube.com\/embed\/5v9fZMvomdw?feature=oembed\" frameborder=\"0\" allow=\"accelerometer; autoplay; clipboard-write; encrypted-media; gyroscope; picture-in-picture; web-share\" referrerpolicy=\"strict-origin-when-cross-origin\" allowfullscreen><\/iframe>\n<\/div><\/figure>\n\n\n\n<figure class=\"wp-block-embed alignfull is-type-video is-provider-youtube wp-block-embed-youtube wp-embed-aspect-16-9 wp-has-aspect-ratio\"><div class=\"wp-block-embed__wrapper\">\n<iframe loading=\"lazy\" title=\"Suzanne and Loren \/\/ Tuscany Destination Wedding at Borgo Petrognano\" width=\"720\" height=\"405\" src=\"https:\/\/www.youtube.com\/embed\/PQxI_RNGa80?feature=oembed\" frameborder=\"0\" allow=\"accelerometer; autoplay; clipboard-write; encrypted-media; gyroscope; picture-in-picture; web-share\" referrerpolicy=\"strict-origin-when-cross-origin\" allowfullscreen><\/iframe>\n<\/div><\/figure>\n\n\n\n<figure class=\"wp-block-embed alignfull is-type-video is-provider-youtube wp-block-embed-youtube wp-embed-aspect-16-9 wp-has-aspect-ratio\"><div class=\"wp-block-embed__wrapper\">\n<iframe loading=\"lazy\" title=\"SHENHAV &amp; ZABRISKY  \/\/ Amazing destination wedding at Lake Bled, Slovenia\" width=\"720\" height=\"405\" src=\"https:\/\/www.youtube.com\/embed\/cPCDVfOM1vI?feature=oembed\" frameborder=\"0\" allow=\"accelerometer; autoplay; clipboard-write; encrypted-media; gyroscope; picture-in-picture; web-share\" referrerpolicy=\"strict-origin-when-cross-origin\" allowfullscreen><\/iframe>\n<\/div><\/figure>\n\n\n\n<figure class=\"wp-block-embed alignfull is-type-video is-provider-youtube wp-block-embed-youtube wp-embed-aspect-16-9 wp-has-aspect-ratio\"><div class=\"wp-block-embed__wrapper\">\n<iframe loading=\"lazy\" title=\"Poro\u010dni video: Martina in Klemen\" width=\"720\" height=\"405\" src=\"https:\/\/www.youtube.com\/embed\/a_0PfTbuKTM?feature=oembed\" frameborder=\"0\" allow=\"accelerometer; autoplay; clipboard-write; encrypted-media; gyroscope; picture-in-picture; web-share\" referrerpolicy=\"strict-origin-when-cross-origin\" allowfullscreen><\/iframe>\n<\/div><\/figure>\n\n\n\n<div class=\"wp-block-group is-layout-flow\" style=\"padding-top:10px;padding-right:10px;padding-bottom:10px;padding-left:10px\"><div class=\"wp-block-group__inner-container\">\n<div class=\"wp-block-group alignwide is-layout-flow\" style=\"padding-top:10px;padding-right:10px;padding-bottom:10px;padding-left:10px\"><div class=\"wp-block-group__inner-container\">\n<h2 class=\"wp-block-heading has-text-align-center has-large-font-size\" style=\"font-style:normal;font-weight:200\">Kontaktirajta me glede ponudbe, rezervacije vajinega poro\u010dnega termina in kakr\u0161nihkoli dodatnih vpra\u0161anj preko spodnjega obrazca. <\/h2>\n\n\n\n<div class=\"wp-block-contact-form-7-contact-form-selector\"><div role=\"form\" class=\"wpcf7\" id=\"wpcf7-f1056-o1\" lang=\"en-US\" dir=\"ltr\">\n<div class=\"screen-reader-response\"><p role=\"status\" aria-live=\"polite\" aria-atomic=\"true\"><\/p> <ul><\/ul><\/div>\n<form action=\"\/index.php\/wp-json\/wp\/v2\/pages\/1046#wpcf7-f1056-o1\" method=\"post\" class=\"wpcf7-form init\" novalidate=\"novalidate\" data-status=\"init\">\n<div style=\"display: none;\">\n<input type=\"hidden\" name=\"_wpcf7\" value=\"1056\" \/>\n<input type=\"hidden\" name=\"_wpcf7_version\" value=\"5.6.4\" \/>\n<input type=\"hidden\" name=\"_wpcf7_locale\" value=\"en_US\" \/>\n<input type=\"hidden\" name=\"_wpcf7_unit_tag\" value=\"wpcf7-f1056-o1\" \/>\n<input type=\"hidden\" name=\"_wpcf7_container_post\" value=\"0\" \/>\n<input type=\"hidden\" name=\"_wpcf7_posted_data_hash\" value=\"\" \/>\n<input type=\"hidden\" name=\"_wpcf7_recaptcha_response\" value=\"\" \/>\n<\/div>\n<p><label> Ime in priimek<br \/>\n    <span class=\"wpcf7-form-control-wrap\" data-name=\"ime-in-priimek\"><input type=\"text\" name=\"ime-in-priimek\" value=\"\" size=\"40\" class=\"wpcf7-form-control wpcf7-text wpcf7-validates-as-required\" aria-required=\"true\" aria-invalid=\"false\" \/><\/span> <\/label><\/p>\n<p><label> Email<br \/>\n    <span class=\"wpcf7-form-control-wrap\" data-name=\"email\"><input type=\"email\" name=\"email\" value=\"\" size=\"40\" class=\"wpcf7-form-control wpcf7-text wpcf7-email wpcf7-validates-as-required wpcf7-validates-as-email\" aria-required=\"true\" aria-invalid=\"false\" \/><\/span> <\/label><\/p>\n<p><label> Telefonska \u0161tevilka<br \/>\n    <span class=\"wpcf7-form-control-wrap\" data-name=\"telefonska-stevilka\"><input type=\"tel\" name=\"telefonska-stevilka\" value=\"\" size=\"40\" class=\"wpcf7-form-control wpcf7-text wpcf7-tel wpcf7-validates-as-required wpcf7-validates-as-tel\" aria-required=\"true\" aria-invalid=\"false\" \/><\/span> <\/label><\/p>\n<p><label> Datum poroke<br \/>\n    <span class=\"wpcf7-form-control-wrap\" data-name=\"datum-poroke\"><input type=\"date\" name=\"datum-poroke\" value=\"\" class=\"wpcf7-form-control wpcf7-date wpcf7-validates-as-required wpcf7-validates-as-date\" aria-required=\"true\" aria-invalid=\"false\" \/><\/span> <\/label><\/p>\n<p><label> Poro\u010dna lokacija<br \/>\n    <span class=\"wpcf7-form-control-wrap\" data-name=\"porocna-lokacija\"><input type=\"text\" name=\"porocna-lokacija\" value=\"\" size=\"40\" class=\"wpcf7-form-control wpcf7-text wpcf7-validates-as-required\" aria-required=\"true\" aria-invalid=\"false\" \/><\/span> <\/label><\/p>\n<p><label> Va\u0161e \u017eelje in na\u010drti<br \/>\n    <span class=\"wpcf7-form-control-wrap\" data-name=\"vase-zelje-in-nacrti\"><textarea name=\"vase-zelje-in-nacrti\" cols=\"40\" rows=\"10\" class=\"wpcf7-form-control wpcf7-textarea wpcf7-validates-as-required\" aria-required=\"true\" aria-invalid=\"false\"><\/textarea><\/span> <\/label><\/p>\n<p><input type=\"submit\" value=\"Kontaktiraj me\" class=\"wpcf7-form-control has-spinner wpcf7-submit\" \/><\/p>\n<div class=\"wpcf7-response-output\" aria-hidden=\"true\"><\/div><\/form><\/div><\/div>\n<\/div><\/div>\n<\/div><\/div>\n\n\n\n<figure class=\"wp-block-pullquote alignwide has-text-align-center has-border-color has-large-font-size\" style=\"border-color:#7afadae6;border-width:2px;border-radius:0px\"><blockquote><p>&#8220;<em>It never fails to bring a tear to the eye of the newlyweds.<\/em>&#8220;<\/p><\/blockquote><\/figure>\n","protected":false},"excerpt":{"rendered":"<p>Naj tudi vajina poroka zasije v \u010daru filmske pravljice&#8230;. Pravijo, da najpomembnej\u0161i dogodek vajinega skupnega \u017eivljenja, mine hitro &#8211; prehitro. Sprostita se in se prepustita trenutkom sre\u010de, zavedajo\u010d se, da bodo vsi najlep\u0161i utrinki za vedno ujeti v objektiv. Tako sta lahko gotova, da bodo v video vajinega dne shranjeni tudi prelepi \u010dustveni momenti, ki &hellip; <\/p>\n<p><a href=\"https:\/\/www.maticgrmek.com\/index.php\/porocna-sezona-2025\/\" class=\"more-link\"><span class=\"more-link__text\">Continue reading<span class=\"screen-reader-text\"> &#8220;Poro\u010dna sezona 2026&#8221;<\/span><\/span><span class=\"more-link__icon\"><svg class=\"svg-icon\" width=\"16\" height=\"16\" aria-hidden=\"true\" role=\"img\" focusable=\"false\" xmlns=\"http:\/\/www.w3.org\/2000\/svg\" viewBox=\"0 0 24 24\"><path d=\"M0 0h24v24H0z\" fill=\"none\"\/><path d=\"M12 4l-1.41 1.41L16.17 11H4v2h12.17l-5.58 5.59L12 20l8-8z\"\/><\/svg><\/span><\/a><\/p>\n","protected":false},"author":2,"featured_media":0,"parent":0,"menu_order":0,"comment_status":"closed","ping_status":"closed","template":"","meta":[],"_links":{"self":[{"href":"https:\/\/www.maticgrmek.com\/index.php\/wp-json\/wp\/v2\/pages\/1046"}],"collection":[{"href":"https:\/\/www.maticgrmek.com\/index.php\/wp-json\/wp\/v2\/pages"}],"about":[{"href":"https:\/\/www.maticgrmek.com\/index.php\/wp-json\/wp\/v2\/types\/page"}],"author":[{"embeddable":true,"href":"https:\/\/www.maticgrmek.com\/index.php\/wp-json\/wp\/v2\/users\/2"}],"replies":[{"embeddable":true,"href":"https:\/\/www.maticgrmek.com\/index.php\/wp-json\/wp\/v2\/comments?post=1046"}],"version-history":[{"count":38,"href":"https:\/\/www.maticgrmek.com\/index.php\/wp-json\/wp\/v2\/pages\/1046\/revisions"}],"predecessor-version":[{"id":1514,"href":"https:\/\/www.maticgrmek.com\/index.php\/wp-json\/wp\/v2\/pages\/1046\/revisions\/1514"}],"wp:attachment":[{"href":"https:\/\/www.maticgrmek.com\/index.php\/wp-json\/wp\/v2\/media?parent=1046"}],"curies":[{"name":"wp","href":"https:\/\/api.w.org\/{rel}","templated":true}]}}